{"id":128,"date":"2020-12-01T21:30:39","date_gmt":"2020-12-01T21:30:39","guid":{"rendered":"https:\/\/hdlcecuador.com\/?page_id=128"},"modified":"2022-04-20T03:48:59","modified_gmt":"2022-04-20T03:48:59","slug":"formacion","status":"publish","type":"page","link":"https:\/\/hdlcecuador.com\/index.php\/formacion\/","title":{"rendered":"Formaci\u00f3n"},"content":{"rendered":"\t\t<div data-elementor-type=\"wp-page\" data-elementor-id=\"128\" class=\"elementor elementor-128\">\n\t\t\t\t\t\t<section class=\"elementor-section elementor-top-section elementor-element elementor-element-2f6745b elementor-section-height-min-height elementor-section-boxed elementor-section-height-default elementor-section-items-middle\" data-id=\"2f6745b\" data-element_type=\"section\" data-settings=\"{&quot;background_background&quot;:&quot;classic&quot;}\">\n\t\t\t\t\t\t\t<div class=\"elementor-background-overlay\"><\/div>\n\t\t\t\t\t\t\t<div class=\"elementor-container elementor-column-gap-default\">\n\t\t\t\t\t<div class=\"elementor-column elementor-col-100 elementor-top-column elementor-element elementor-element-2fa59adc\" data-id=\"2fa59adc\" data-element_type=\"column\">\n\t\t\t<div class=\"elementor-widget-wrap elementor-element-populated\">\n\t\t\t\t\t\t<section class=\"elementor-section elementor-inner-section elementor-element elementor-element-7caef66b elementor-section-boxed elementor-section-height-default elementor-section-height-default\" data-id=\"7caef66b\" data-element_type=\"section\">\n\t\t\t\t\t\t<div class=\"elementor-container elementor-column-gap-default\">\n\t\t\t\t\t<div class=\"elementor-column elementor-col-100 elementor-inner-column elementor-element elementor-element-74e865af\" data-id=\"74e865af\" data-element_type=\"column\">\n\t\t\t<div class=\"elementor-widget-wrap\">\n\t\t\t\t\t\t\t<\/div>\n\t\t<\/div>\n\t\t\t\t\t<\/div>\n\t\t<\/section>\n\t\t\t\t\t<\/div>\n\t\t<\/div>\n\t\t\t\t\t<\/div>\n\t\t<\/section>\n\t\t\t\t<section class=\"elementor-section elementor-top-section elementor-element elementor-element-f6095d5 elementor-section-boxed elementor-section-height-default elementor-section-height-default\" data-id=\"f6095d5\" data-element_type=\"section\">\n\t\t\t\t\t\t<div class=\"elementor-container elementor-column-gap-default\">\n\t\t\t\t\t<div class=\"elementor-column elementor-col-100 elementor-top-column elementor-element elementor-element-2d39de0\" data-id=\"2d39de0\" data-element_type=\"column\">\n\t\t\t<div class=\"elementor-widget-wrap elementor-element-populated\">\n\t\t\t\t\t\t<div class=\"elementor-element elementor-element-d6217c1 elementor-widget elementor-widget-spacer\" data-id=\"d6217c1\" data-element_type=\"widget\" data-widget_type=\"spacer.default\">\n\t\t\t\t<div class=\"elementor-widget-container\">\n\t\t\t\t\t\t\t<div class=\"elementor-spacer\">\n\t\t\t<div class=\"elementor-spacer-inner\"><\/div>\n\t\t<\/div>\n\t\t\t\t\t\t<\/div>\n\t\t\t\t<\/div>\n\t\t\t\t\t<\/div>\n\t\t<\/div>\n\t\t\t\t\t<\/div>\n\t\t<\/section>\n\t\t\t\t<section class=\"elementor-section elementor-top-section elementor-element elementor-element-ed282a6 elementor-section-boxed elementor-section-height-default elementor-section-height-default\" data-id=\"ed282a6\" data-element_type=\"section\">\n\t\t\t\t\t\t<div class=\"elementor-container elementor-column-gap-default\">\n\t\t\t\t\t<div class=\"elementor-column elementor-col-100 elementor-top-column elementor-element elementor-element-90daced\" data-id=\"90daced\" data-element_type=\"column\">\n\t\t\t<div class=\"elementor-widget-wrap elementor-element-populated\">\n\t\t\t\t\t\t<section class=\"elementor-section elementor-inner-section elementor-element elementor-element-db7d214 elementor-section-boxed elementor-section-height-default elementor-section-height-default\" data-id=\"db7d214\" data-element_type=\"section\">\n\t\t\t\t\t\t<div class=\"elementor-container elementor-column-gap-default\">\n\t\t\t\t\t<div class=\"elementor-column elementor-col-50 elementor-inner-column elementor-element elementor-element-116c10b elementor-invisible\" data-id=\"116c10b\" data-element_type=\"column\" data-settings=\"{&quot;animation&quot;:&quot;fadeInLeft&quot;}\">\n\t\t\t<div class=\"elementor-widget-wrap elementor-element-populated\">\n\t\t\t\t\t\t<div class=\"elementor-element elementor-element-ea67880 elementor-widget elementor-widget-video\" data-id=\"ea67880\" data-element_type=\"widget\" data-settings=\"{&quot;youtube_url&quot;:&quot;https:\\\/\\\/youtu.be\\\/e66aiKeDQEI&quot;,&quot;autoplay&quot;:&quot;yes&quot;,&quot;mute&quot;:&quot;yes&quot;,&quot;loop&quot;:&quot;yes&quot;,&quot;yt_privacy&quot;:&quot;yes&quot;,&quot;video_type&quot;:&quot;youtube&quot;,&quot;controls&quot;:&quot;yes&quot;}\" data-widget_type=\"video.default\">\n\t\t\t\t<div class=\"elementor-widget-container\">\n\t\t\t\t\t\t\t<div class=\"elementor-wrapper elementor-open-inline\">\n\t\t\t<div class=\"elementor-video\"><\/div>\t\t<\/div>\n\t\t\t\t\t\t<\/div>\n\t\t\t\t<\/div>\n\t\t\t\t\t<\/div>\n\t\t<\/div>\n\t\t\t\t<div class=\"elementor-column elementor-col-50 elementor-inner-column elementor-element elementor-element-c6e58a1 elementor-invisible\" data-id=\"c6e58a1\" data-element_type=\"column\" data-settings=\"{&quot;animation&quot;:&quot;fadeInRight&quot;}\">\n\t\t\t<div class=\"elementor-widget-wrap elementor-element-populated\">\n\t\t\t\t\t\t<div class=\"elementor-element elementor-element-107f07b elementor-widget elementor-widget-text-editor\" data-id=\"107f07b\" data-element_type=\"widget\" data-widget_type=\"text-editor.default\">\n\t\t\t\t<div class=\"elementor-widget-container\">\n\t\t\t\t\t\t\t\t\t<p>La formaci\u00f3n de las Hijas de la Caridad de la Provincia del Ecuador, recorrido de toda la vida,<strong><em> \u201c<\/em><\/strong><em>se orienta fundamentalmente al crecimiento de cada Hermana en la fe y en el Carisma de los fundadores, de manera que animada por el Esp\u00edritu Santo, llegue a hacerse capaz de:<\/em><\/p><ul><li><em>Adquirir unas convicciones que la afiancen y unifiquen en su entrega total a Dios;<\/em><\/li><li><em>Ser Sierva de Cristo en los pobres y de los pobres en Cristo, con esp\u00edritu de humildad, sencillez y caridad.<\/em><\/li><li><em>Vivir una vida fraterna en com\u00fan para la misi\u00f3n\u201d.\u00a0<\/em><em>(C. 50)<\/em><\/li><\/ul>\t\t\t\t\t\t\t\t<\/div>\n\t\t\t\t<\/div>\n\t\t\t\t\t<\/div>\n\t\t<\/div>\n\t\t\t\t\t<\/div>\n\t\t<\/section>\n\t\t\t\t\t<\/div>\n\t\t<\/div>\n\t\t\t\t\t<\/div>\n\t\t<\/section>\n\t\t\t\t<section class=\"elementor-section elementor-top-section elementor-element elementor-element-38e19d51 elementor-section-boxed elementor-section-height-default elementor-section-height-default\" data-id=\"38e19d51\" data-element_type=\"section\">\n\t\t\t\t\t\t<div class=\"elementor-container elementor-column-gap-default\">\n\t\t\t\t\t<div class=\"elementor-column elementor-col-100 elementor-top-column elementor-element elementor-element-6fd10657\" data-id=\"6fd10657\" data-element_type=\"column\">\n\t\t\t<div class=\"elementor-widget-wrap elementor-element-populated\">\n\t\t\t\t\t\t<div class=\"elementor-element elementor-element-4580aef4 elementor-widget elementor-widget-spacer\" data-id=\"4580aef4\" data-element_type=\"widget\" data-widget_type=\"spacer.default\">\n\t\t\t\t<div class=\"elementor-widget-container\">\n\t\t\t\t\t\t\t<div class=\"elementor-spacer\">\n\t\t\t<div class=\"elementor-spacer-inner\"><\/div>\n\t\t<\/div>\n\t\t\t\t\t\t<\/div>\n\t\t\t\t<\/div>\n\t\t\t\t\t<\/div>\n\t\t<\/div>\n\t\t\t\t\t<\/div>\n\t\t<\/section>\n\t\t\t\t<section class=\"elementor-section elementor-top-section elementor-element elementor-element-25bda84b elementor-section-height-min-height elementor-section-boxed elementor-section-height-default elementor-section-items-middle elementor-invisible\" data-id=\"25bda84b\" data-element_type=\"section\" data-settings=\"{&quot;background_background&quot;:&quot;classic&quot;,&quot;animation&quot;:&quot;fadeInLeft&quot;}\">\n\t\t\t\t\t\t\t<div class=\"elementor-background-overlay\"><\/div>\n\t\t\t\t\t\t\t<div class=\"elementor-container elementor-column-gap-default\">\n\t\t\t\t\t<div class=\"elementor-column elementor-col-50 elementor-top-column elementor-element elementor-element-12bbb783\" data-id=\"12bbb783\" data-element_type=\"column\">\n\t\t\t<div class=\"elementor-widget-wrap\">\n\t\t\t\t\t\t\t<\/div>\n\t\t<\/div>\n\t\t\t\t<div class=\"elementor-column elementor-col-50 elementor-top-column elementor-element elementor-element-4beafab8\" data-id=\"4beafab8\" data-element_type=\"column\">\n\t\t\t<div class=\"elementor-widget-wrap\">\n\t\t\t\t\t\t\t<\/div>\n\t\t<\/div>\n\t\t\t\t\t<\/div>\n\t\t<\/section>\n\t\t\t\t<section class=\"elementor-section elementor-top-section elementor-element elementor-element-17dcf4e2 elementor-section-boxed elementor-section-height-default elementor-section-height-default\" data-id=\"17dcf4e2\" data-element_type=\"section\">\n\t\t\t\t\t\t<div class=\"elementor-container elementor-column-gap-default\">\n\t\t\t\t\t<div class=\"elementor-column elementor-col-100 elementor-top-column elementor-element elementor-element-21f0adba\" data-id=\"21f0adba\" data-element_type=\"column\">\n\t\t\t<div class=\"elementor-widget-wrap elementor-element-populated\">\n\t\t\t\t\t\t<section class=\"elementor-section elementor-inner-section elementor-element elementor-element-3bd3f4b4 elementor-section-boxed elementor-section-height-default elementor-section-height-default elementor-invisible\" data-id=\"3bd3f4b4\" data-element_type=\"section\" data-settings=\"{&quot;animation&quot;:&quot;fadeInUp&quot;}\">\n\t\t\t\t\t\t<div class=\"elementor-container elementor-column-gap-default\">\n\t\t\t\t\t<div class=\"elementor-column elementor-col-66 elementor-inner-column elementor-element elementor-element-2dc61ad\" data-id=\"2dc61ad\" data-element_type=\"column\">\n\t\t\t<div class=\"elementor-widget-wrap\">\n\t\t\t\t\t\t\t<\/div>\n\t\t<\/div>\n\t\t\t\t<div class=\"elementor-column elementor-col-33 elementor-inner-column elementor-element elementor-element-304210c6\" data-id=\"304210c6\" data-element_type=\"column\">\n\t\t\t<div class=\"elementor-widget-wrap elementor-element-populated\">\n\t\t\t\t\t\t<div class=\"elementor-element elementor-element-56874826 elementor-widget elementor-widget-image\" data-id=\"56874826\" data-element_type=\"widget\" data-widget_type=\"image.default\">\n\t\t\t\t<div class=\"elementor-widget-container\">\n\t\t\t\t\t\t\t\t\t\t\t\t\t\t\t<img fetchpriority=\"high\" decoding=\"async\" width=\"247\" height=\"330\" src=\"https:\/\/hdlcecuador.com\/wp-content\/uploads\/2020\/12\/3cariamanga.jpg\" class=\"attachment-full size-full wp-image-3677\" alt=\"\" srcset=\"https:\/\/hdlcecuador.com\/wp-content\/uploads\/2020\/12\/3cariamanga.jpg 247w, https:\/\/hdlcecuador.com\/wp-content\/uploads\/2020\/12\/3cariamanga-225x300.jpg 225w\" sizes=\"(max-width: 247px) 100vw, 247px\" \/>\t\t\t\t\t\t\t\t\t\t\t\t\t\t\t<\/div>\n\t\t\t\t<\/div>\n\t\t\t\t\t<\/div>\n\t\t<\/div>\n\t\t\t\t\t<\/div>\n\t\t<\/section>\n\t\t\t\t\t<\/div>\n\t\t<\/div>\n\t\t\t\t\t<\/div>\n\t\t<\/section>\n\t\t\t\t<section class=\"elementor-section elementor-top-section elementor-element elementor-element-6571132 elementor-section-height-min-height elementor-section-boxed elementor-section-height-default elementor-section-items-middle elementor-invisible\" data-id=\"6571132\" data-element_type=\"section\" data-settings=\"{&quot;background_background&quot;:&quot;classic&quot;,&quot;animation&quot;:&quot;fadeInLeft&quot;}\">\n\t\t\t\t\t\t\t<div class=\"elementor-background-overlay\"><\/div>\n\t\t\t\t\t\t\t<div class=\"elementor-container elementor-column-gap-default\">\n\t\t\t\t\t<div class=\"elementor-column elementor-col-50 elementor-top-column elementor-element elementor-element-13a7c26\" data-id=\"13a7c26\" data-element_type=\"column\">\n\t\t\t<div class=\"elementor-widget-wrap\">\n\t\t\t\t\t\t\t<\/div>\n\t\t<\/div>\n\t\t\t\t<div class=\"elementor-column elementor-col-50 elementor-top-column elementor-element elementor-element-39c81dc\" data-id=\"39c81dc\" data-element_type=\"column\">\n\t\t\t<div class=\"elementor-widget-wrap\">\n\t\t\t\t\t\t\t<\/div>\n\t\t<\/div>\n\t\t\t\t\t<\/div>\n\t\t<\/section>\n\t\t\t\t<section class=\"elementor-section elementor-top-section elementor-element elementor-element-f9ce44a elementor-section-boxed elementor-section-height-default elementor-section-height-default\" data-id=\"f9ce44a\" data-element_type=\"section\" data-settings=\"{&quot;background_background&quot;:&quot;classic&quot;}\">\n\t\t\t\t\t\t<div class=\"elementor-container elementor-column-gap-default\">\n\t\t\t\t\t<div class=\"elementor-column elementor-col-100 elementor-top-column elementor-element elementor-element-1c2fd84\" data-id=\"1c2fd84\" data-element_type=\"column\">\n\t\t\t<div class=\"elementor-widget-wrap\">\n\t\t\t\t\t\t\t<\/div>\n\t\t<\/div>\n\t\t\t\t\t<\/div>\n\t\t<\/section>\n\t\t\t\t<\/div>\n\t\t","protected":false},"excerpt":{"rendered":"<p>https:\/\/youtu.be\/e66aiKeDQEI La formaci\u00f3n de las Hijas de la Caridad de la Provincia del Ecuador, recorrido de toda la vida, \u201cse orienta fundamentalmente al crecimiento de cada Hermana en la fe y en el Carisma de los fundadores, de manera que animada por el Esp\u00edritu Santo, llegue a hacerse capaz de: Adquirir unas convicciones que la [&hellip;]<\/p>\n","protected":false},"author":1,"featured_media":0,"parent":0,"menu_order":0,"comment_status":"closed","ping_status":"closed","template":"elementor_header_footer","meta":{"ocean_post_layout":"full-screen","ocean_both_sidebars_style":"","ocean_both_sidebars_content_width":0,"ocean_both_sidebars_sidebars_width":0,"ocean_sidebar":"0","ocean_second_sidebar":"0","ocean_disable_margins":"enable","ocean_add_body_class":"","ocean_shortcode_before_top_bar":"","ocean_shortcode_after_top_bar":"","ocean_shortcode_before_header":"","ocean_shortcode_after_header":"","ocean_has_shortcode":"","ocean_shortcode_after_title":"","ocean_shortcode_before_footer_widgets":"","ocean_shortcode_after_footer_widgets":"","ocean_shortcode_before_footer_bottom":"","ocean_shortcode_after_footer_bottom":"","ocean_display_top_bar":"off","ocean_display_header":"default","ocean_header_style":"transparent","ocean_center_header_left_menu":"0","ocean_custom_header_template":"0","ocean_custom_logo":0,"ocean_custom_retina_logo":0,"ocean_custom_logo_max_width":0,"ocean_custom_logo_tablet_max_width":0,"ocean_custom_logo_mobile_max_width":0,"ocean_custom_logo_max_height":0,"ocean_custom_logo_tablet_max_height":0,"ocean_custom_logo_mobile_max_height":0,"ocean_header_custom_menu":"0","ocean_menu_typo_font_family":"0","ocean_menu_typo_font_subset":"","ocean_menu_typo_font_size":0,"ocean_menu_typo_font_size_tablet":0,"ocean_menu_typo_font_size_mobile":0,"ocean_menu_typo_font_size_unit":"px","ocean_menu_typo_font_weight":"","ocean_menu_typo_font_weight_tablet":"","ocean_menu_typo_font_weight_mobile":"","ocean_menu_typo_transform":"","ocean_menu_typo_transform_tablet":"","ocean_menu_typo_transform_mobile":"","ocean_menu_typo_line_height":0,"ocean_menu_typo_line_height_tablet":0,"ocean_menu_typo_line_height_mobile":0,"ocean_menu_typo_line_height_unit":"","ocean_menu_typo_spacing":0,"ocean_menu_typo_spacing_tablet":0,"ocean_menu_typo_spacing_mobile":0,"ocean_menu_typo_spacing_unit":"","ocean_menu_link_color":"","ocean_menu_link_color_hover":"","ocean_menu_link_color_active":"","ocean_menu_link_background":"","ocean_menu_link_hover_background":"","ocean_menu_link_active_background":"","ocean_menu_social_links_bg":"","ocean_menu_social_hover_links_bg":"","ocean_menu_social_links_color":"","ocean_menu_social_hover_links_color":"","ocean_disable_title":"on","ocean_disable_heading":"default","ocean_post_title":"","ocean_post_subheading":"","ocean_post_title_style":"","ocean_post_title_background_color":"","ocean_post_title_background":0,"ocean_post_title_bg_image_position":"","ocean_post_title_bg_image_attachment":"","ocean_post_title_bg_image_repeat":"","ocean_post_title_bg_image_size":"","ocean_post_title_height":0,"ocean_post_title_bg_overlay":0.5,"ocean_post_title_bg_overlay_color":"","ocean_disable_breadcrumbs":"default","ocean_breadcrumbs_color":"","ocean_breadcrumbs_separator_color":"","ocean_breadcrumbs_links_color":"","ocean_breadcrumbs_links_hover_color":"","ocean_display_footer_widgets":"default","ocean_display_footer_bottom":"default","ocean_custom_footer_template":"0","footnotes":""},"folder":[],"class_list":["post-128","page","type-page","status-publish","hentry","entry"],"yoast_head":"<!-- This site is optimized with the Yoast SEO plugin v25.6 - https:\/\/yoast.com\/wordpress\/plugins\/seo\/ -->\n<title>Formaci\u00f3n - Compa\u00f1\u00eda HDLC Ecuador<\/title>\n<meta name=\"robots\" content=\"index, follow, max-snippet:-1, max-image-preview:large, max-video-preview:-1\" \/>\n<link rel=\"canonical\" href=\"https:\/\/hdlcecuador.com\/index.php\/formacion\/\" \/>\n<meta property=\"og:locale\" content=\"es_ES\" \/>\n<meta property=\"og:type\" content=\"article\" \/>\n<meta property=\"og:title\" content=\"Formaci\u00f3n - Compa\u00f1\u00eda HDLC Ecuador\" \/>\n<meta property=\"og:description\" content=\"https:\/\/youtu.be\/e66aiKeDQEI La formaci\u00f3n de las Hijas de la Caridad de la Provincia del Ecuador, recorrido de toda la vida, \u201cse orienta fundamentalmente al crecimiento de cada Hermana en la fe y en el Carisma de los fundadores, de manera que animada por el Esp\u00edritu Santo, llegue a hacerse capaz de: Adquirir unas convicciones que la [&hellip;]\" \/>\n<meta property=\"og:url\" content=\"https:\/\/hdlcecuador.com\/index.php\/formacion\/\" \/>\n<meta property=\"og:site_name\" content=\"Compa\u00f1\u00eda HDLC Ecuador\" \/>\n<meta property=\"article:modified_time\" content=\"2022-04-20T03:48:59+00:00\" \/>\n<meta property=\"og:image\" content=\"https:\/\/hdlcecuador.com\/wp-content\/uploads\/2020\/12\/3cariamanga.jpg\" \/>\n<meta name=\"twitter:card\" content=\"summary_large_image\" \/>\n<meta name=\"twitter:label1\" content=\"Tiempo de lectura\" \/>\n\t<meta name=\"twitter:data1\" content=\"1 minuto\" \/>\n<script type=\"application\/ld+json\" class=\"yoast-schema-graph\">{\"@context\":\"https:\/\/schema.org\",\"@graph\":[{\"@type\":\"WebPage\",\"@id\":\"https:\/\/hdlcecuador.com\/index.php\/formacion\/\",\"url\":\"https:\/\/hdlcecuador.com\/index.php\/formacion\/\",\"name\":\"Formaci\u00f3n - Compa\u00f1\u00eda HDLC Ecuador\",\"isPartOf\":{\"@id\":\"https:\/\/hdlcecuador.com\/#website\"},\"primaryImageOfPage\":{\"@id\":\"https:\/\/hdlcecuador.com\/index.php\/formacion\/#primaryimage\"},\"image\":{\"@id\":\"https:\/\/hdlcecuador.com\/index.php\/formacion\/#primaryimage\"},\"thumbnailUrl\":\"https:\/\/hdlcecuador.com\/wp-content\/uploads\/2020\/12\/3cariamanga.jpg\",\"datePublished\":\"2020-12-01T21:30:39+00:00\",\"dateModified\":\"2022-04-20T03:48:59+00:00\",\"breadcrumb\":{\"@id\":\"https:\/\/hdlcecuador.com\/index.php\/formacion\/#breadcrumb\"},\"inLanguage\":\"es\",\"potentialAction\":[{\"@type\":\"ReadAction\",\"target\":[\"https:\/\/hdlcecuador.com\/index.php\/formacion\/\"]}]},{\"@type\":\"ImageObject\",\"inLanguage\":\"es\",\"@id\":\"https:\/\/hdlcecuador.com\/index.php\/formacion\/#primaryimage\",\"url\":\"https:\/\/hdlcecuador.com\/wp-content\/uploads\/2020\/12\/3cariamanga.jpg\",\"contentUrl\":\"https:\/\/hdlcecuador.com\/wp-content\/uploads\/2020\/12\/3cariamanga.jpg\",\"width\":247,\"height\":330},{\"@type\":\"BreadcrumbList\",\"@id\":\"https:\/\/hdlcecuador.com\/index.php\/formacion\/#breadcrumb\",\"itemListElement\":[{\"@type\":\"ListItem\",\"position\":1,\"name\":\"Portada\",\"item\":\"https:\/\/hdlcecuador.com\/\"},{\"@type\":\"ListItem\",\"position\":2,\"name\":\"Formaci\u00f3n\"}]},{\"@type\":\"WebSite\",\"@id\":\"https:\/\/hdlcecuador.com\/#website\",\"url\":\"https:\/\/hdlcecuador.com\/\",\"name\":\"Compa\u00f1\u00eda HDLC Ecuador\",\"description\":\"Sitio Web Oficial de las Compa\u00f1ia de las Hijas de la Caridad en Ecuador\",\"publisher\":{\"@id\":\"https:\/\/hdlcecuador.com\/#organization\"},\"potentialAction\":[{\"@type\":\"SearchAction\",\"target\":{\"@type\":\"EntryPoint\",\"urlTemplate\":\"https:\/\/hdlcecuador.com\/?s={search_term_string}\"},\"query-input\":{\"@type\":\"PropertyValueSpecification\",\"valueRequired\":true,\"valueName\":\"search_term_string\"}}],\"inLanguage\":\"es\"},{\"@type\":\"Organization\",\"@id\":\"https:\/\/hdlcecuador.com\/#organization\",\"name\":\"Compa\u00f1\u00eda HDLC Ecuador\",\"url\":\"https:\/\/hdlcecuador.com\/\",\"logo\":{\"@type\":\"ImageObject\",\"inLanguage\":\"es\",\"@id\":\"https:\/\/hdlcecuador.com\/#\/schema\/logo\/image\/\",\"url\":\"https:\/\/hdlcecuador.com\/wp-content\/uploads\/2021\/03\/cropped-logo-2-oficial-hor.-dere.png\",\"contentUrl\":\"https:\/\/hdlcecuador.com\/wp-content\/uploads\/2021\/03\/cropped-logo-2-oficial-hor.-dere.png\",\"width\":1800,\"height\":980,\"caption\":\"Compa\u00f1\u00eda HDLC Ecuador\"},\"image\":{\"@id\":\"https:\/\/hdlcecuador.com\/#\/schema\/logo\/image\/\"}}]}<\/script>\n<!-- \/ Yoast SEO plugin. -->","yoast_head_json":{"title":"Formaci\u00f3n - Compa\u00f1\u00eda HDLC Ecuador","robots":{"index":"index","follow":"follow","max-snippet":"max-snippet:-1","max-image-preview":"max-image-preview:large","max-video-preview":"max-video-preview:-1"},"canonical":"https:\/\/hdlcecuador.com\/index.php\/formacion\/","og_locale":"es_ES","og_type":"article","og_title":"Formaci\u00f3n - Compa\u00f1\u00eda HDLC Ecuador","og_description":"https:\/\/youtu.be\/e66aiKeDQEI La formaci\u00f3n de las Hijas de la Caridad de la Provincia del Ecuador, recorrido de toda la vida, \u201cse orienta fundamentalmente al crecimiento de cada Hermana en la fe y en el Carisma de los fundadores, de manera que animada por el Esp\u00edritu Santo, llegue a hacerse capaz de: Adquirir unas convicciones que la [&hellip;]","og_url":"https:\/\/hdlcecuador.com\/index.php\/formacion\/","og_site_name":"Compa\u00f1\u00eda HDLC Ecuador","article_modified_time":"2022-04-20T03:48:59+00:00","og_image":[{"url":"https:\/\/hdlcecuador.com\/wp-content\/uploads\/2020\/12\/3cariamanga.jpg","type":"","width":"","height":""}],"twitter_card":"summary_large_image","twitter_misc":{"Tiempo de lectura":"1 minuto"},"schema":{"@context":"https:\/\/schema.org","@graph":[{"@type":"WebPage","@id":"https:\/\/hdlcecuador.com\/index.php\/formacion\/","url":"https:\/\/hdlcecuador.com\/index.php\/formacion\/","name":"Formaci\u00f3n - Compa\u00f1\u00eda HDLC Ecuador","isPartOf":{"@id":"https:\/\/hdlcecuador.com\/#website"},"primaryImageOfPage":{"@id":"https:\/\/hdlcecuador.com\/index.php\/formacion\/#primaryimage"},"image":{"@id":"https:\/\/hdlcecuador.com\/index.php\/formacion\/#primaryimage"},"thumbnailUrl":"https:\/\/hdlcecuador.com\/wp-content\/uploads\/2020\/12\/3cariamanga.jpg","datePublished":"2020-12-01T21:30:39+00:00","dateModified":"2022-04-20T03:48:59+00:00","breadcrumb":{"@id":"https:\/\/hdlcecuador.com\/index.php\/formacion\/#breadcrumb"},"inLanguage":"es","potentialAction":[{"@type":"ReadAction","target":["https:\/\/hdlcecuador.com\/index.php\/formacion\/"]}]},{"@type":"ImageObject","inLanguage":"es","@id":"https:\/\/hdlcecuador.com\/index.php\/formacion\/#primaryimage","url":"https:\/\/hdlcecuador.com\/wp-content\/uploads\/2020\/12\/3cariamanga.jpg","contentUrl":"https:\/\/hdlcecuador.com\/wp-content\/uploads\/2020\/12\/3cariamanga.jpg","width":247,"height":330},{"@type":"BreadcrumbList","@id":"https:\/\/hdlcecuador.com\/index.php\/formacion\/#breadcrumb","itemListElement":[{"@type":"ListItem","position":1,"name":"Portada","item":"https:\/\/hdlcecuador.com\/"},{"@type":"ListItem","position":2,"name":"Formaci\u00f3n"}]},{"@type":"WebSite","@id":"https:\/\/hdlcecuador.com\/#website","url":"https:\/\/hdlcecuador.com\/","name":"Compa\u00f1\u00eda HDLC Ecuador","description":"Sitio Web Oficial de las Compa\u00f1ia de las Hijas de la Caridad en Ecuador","publisher":{"@id":"https:\/\/hdlcecuador.com\/#organization"},"potentialAction":[{"@type":"SearchAction","target":{"@type":"EntryPoint","urlTemplate":"https:\/\/hdlcecuador.com\/?s={search_term_string}"},"query-input":{"@type":"PropertyValueSpecification","valueRequired":true,"valueName":"search_term_string"}}],"inLanguage":"es"},{"@type":"Organization","@id":"https:\/\/hdlcecuador.com\/#organization","name":"Compa\u00f1\u00eda HDLC Ecuador","url":"https:\/\/hdlcecuador.com\/","logo":{"@type":"ImageObject","inLanguage":"es","@id":"https:\/\/hdlcecuador.com\/#\/schema\/logo\/image\/","url":"https:\/\/hdlcecuador.com\/wp-content\/uploads\/2021\/03\/cropped-logo-2-oficial-hor.-dere.png","contentUrl":"https:\/\/hdlcecuador.com\/wp-content\/uploads\/2021\/03\/cropped-logo-2-oficial-hor.-dere.png","width":1800,"height":980,"caption":"Compa\u00f1\u00eda HDLC Ecuador"},"image":{"@id":"https:\/\/hdlcecuador.com\/#\/schema\/logo\/image\/"}}]}},"rttpg_featured_image_url":null,"rttpg_author":{"display_name":"administrador","author_link":"https:\/\/hdlcecuador.com\/index.php\/author\/administrador\/"},"rttpg_comment":0,"rttpg_category":false,"rttpg_excerpt":"https:\/\/youtu.be\/e66aiKeDQEI La formaci\u00f3n de las Hijas de la Caridad de la Provincia del Ecuador, recorrido de toda la vida, \u201cse orienta fundamentalmente al crecimiento de cada Hermana en la fe y en el Carisma de los fundadores, de manera que animada por el Esp\u00edritu Santo, llegue a hacerse capaz de: Adquirir unas convicciones que la&hellip;","_links":{"self":[{"href":"https:\/\/hdlcecuador.com\/index.php\/wp-json\/wp\/v2\/pages\/128"}],"collection":[{"href":"https:\/\/hdlcecuador.com\/index.php\/wp-json\/wp\/v2\/pages"}],"about":[{"href":"https:\/\/hdlcecuador.com\/index.php\/wp-json\/wp\/v2\/types\/page"}],"author":[{"embeddable":true,"href":"https:\/\/hdlcecuador.com\/index.php\/wp-json\/wp\/v2\/users\/1"}],"replies":[{"embeddable":true,"href":"https:\/\/hdlcecuador.com\/index.php\/wp-json\/wp\/v2\/comments?post=128"}],"version-history":[{"count":3,"href":"https:\/\/hdlcecuador.com\/index.php\/wp-json\/wp\/v2\/pages\/128\/revisions"}],"predecessor-version":[{"id":13392,"href":"https:\/\/hdlcecuador.com\/index.php\/wp-json\/wp\/v2\/pages\/128\/revisions\/13392"}],"wp:attachment":[{"href":"https:\/\/hdlcecuador.com\/index.php\/wp-json\/wp\/v2\/media?parent=128"}],"wp:term":[{"taxonomy":"folder","embeddable":true,"href":"https:\/\/hdlcecuador.com\/index.php\/wp-json\/wp\/v2\/folder?post=128"}],"curies":[{"name":"wp","href":"https:\/\/api.w.org\/{rel}","templated":true}]}}